{"id":269,"date":"2025-01-16T08:00:43","date_gmt":"2025-01-16T07:00:43","guid":{"rendered":"https:\/\/osteopatiamiguelcobos.com\/?page_id=269"},"modified":"2025-01-16T09:18:09","modified_gmt":"2025-01-16T08:18:09","slug":"pilates","status":"publish","type":"page","link":"https:\/\/osteopatiamiguelcobos.com\/ca\/pilates\/","title":{"rendered":"Pilates"},"content":{"rendered":"<div data-elementor-type=\"wp-page\" data-elementor-id=\"269\" class=\"elementor elementor-269\" data-elementor-post-type=\"page\">\n\t\t\t\t<div class=\"elementor-element elementor-element-2dfa45c0 e-flex e-con-boxed e-con e-parent\" data-id=\"2dfa45c0\" data-element_type=\"container\" data-e-type=\"container\" data-settings=\"{&quot;background_background&quot;:&quot;classic&quot;}\">\n\t\t\t\t\t<div class=\"e-con-inner\">\n\t\t\t\t\t<\/div>\n\t\t\t\t<\/div>\n\t\t<div class=\"elementor-element elementor-element-42e07036 e-flex e-con-boxed e-con e-parent\" data-id=\"42e07036\" data-element_type=\"container\" data-e-type=\"container\">\n\t\t\t\t\t<div class=\"e-con-inner\">\n\t\t<div class=\"elementor-element elementor-element-19bfc1b4 e-con-full e-flex e-con e-child\" data-id=\"19bfc1b4\" data-element_type=\"container\" data-e-type=\"container\">\n\t\t<div class=\"elementor-element elementor-element-72839ff6 e-con-full e-flex e-con e-child\" data-id=\"72839ff6\" data-element_type=\"container\" data-e-type=\"container\" data-settings=\"{&quot;background_background&quot;:&quot;classic&quot;}\">\n\t\t\t\t<div class=\"elementor-element elementor-element-27434ea1 elementor-widget elementor-widget-heading\" data-id=\"27434ea1\" data-element_type=\"widget\" data-e-type=\"widget\" data-widget_type=\"heading.default\">\n\t\t\t\t\t<h4 class=\"elementor-heading-title elementor-size-default\">Els nostres serveis<\/h4>\t\t\t\t<\/div>\n\t\t<div class=\"elementor-element elementor-element-7e99412d e-flex e-con-boxed e-con e-child\" data-id=\"7e99412d\" data-element_type=\"container\" data-e-type=\"container\">\n\t\t\t\t\t<div class=\"e-con-inner\">\n\t\t\t\t<div class=\"elementor-element elementor-element-54f45a96 elementor-align-justify elementor-widget elementor-widget-button\" data-id=\"54f45a96\" data-element_type=\"widget\" data-e-type=\"widget\" data-widget_type=\"button.default\">\n\t\t\t\t\t\t\t\t\t\t<a class=\"elementor-button elementor-button-link elementor-size-sm elementor-animation-grow\" href=\"https:\/\/osteopatiamiguelcobos.com\/ca\/osteopatia\/\">\n\t\t\t\t\t\t<span class=\"elementor-button-content-wrapper\">\n\t\t\t\t\t\t\t\t\t<span class=\"elementor-button-text\">Osteopatia<\/span>\n\t\t\t\t\t<\/span>\n\t\t\t\t\t<\/a>\n\t\t\t\t\t\t\t\t<\/div>\n\t\t\t\t<div class=\"elementor-element elementor-element-ca78ad2 elementor-align-justify elementor-widget elementor-widget-button\" data-id=\"ca78ad2\" data-element_type=\"widget\" data-e-type=\"widget\" data-widget_type=\"button.default\">\n\t\t\t\t\t\t\t\t\t\t<a class=\"elementor-button elementor-button-link elementor-size-sm elementor-animation-grow\" href=\"https:\/\/osteopatiamiguelcobos.com\/ca\/pilates\/\">\n\t\t\t\t\t\t<span class=\"elementor-button-content-wrapper\">\n\t\t\t\t\t\t\t\t\t<span class=\"elementor-button-text\">Pilates<\/span>\n\t\t\t\t\t<\/span>\n\t\t\t\t\t<\/a>\n\t\t\t\t\t\t\t\t<\/div>\n\t\t\t\t<div class=\"elementor-element elementor-element-20e9b0e6 elementor-align-justify elementor-widget elementor-widget-button\" data-id=\"20e9b0e6\" data-element_type=\"widget\" data-e-type=\"widget\" data-widget_type=\"button.default\">\n\t\t\t\t\t\t\t\t\t\t<a class=\"elementor-button elementor-button-link elementor-size-sm elementor-animation-grow\" href=\"https:\/\/osteopatiamiguelcobos.com\/ca\/nutricionista\/\">\n\t\t\t\t\t\t<span class=\"elementor-button-content-wrapper\">\n\t\t\t\t\t\t\t\t\t<span class=\"elementor-button-text\">Nutricionista<\/span>\n\t\t\t\t\t<\/span>\n\t\t\t\t\t<\/a>\n\t\t\t\t\t\t\t\t<\/div>\n\t\t\t\t\t<\/div>\n\t\t\t\t<\/div>\n\t\t\t\t<div class=\"elementor-element elementor-element-cf70db1 elementor-view-stacked elementor-position-inline-start elementor-mobile-position-inline-start elementor-shape-circle elementor-widget elementor-widget-icon-box\" data-id=\"cf70db1\" data-element_type=\"widget\" data-e-type=\"widget\" data-widget_type=\"icon-box.default\">\n\t\t\t\t\t\t\t<div class=\"elementor-icon-box-wrapper\">\n\n\t\t\t\t\t\t<div class=\"elementor-icon-box-icon\">\n\t\t\t\t<span  class=\"elementor-icon\">\n\t\t\t\t<svg aria-hidden=\"true\" class=\"e-font-icon-svg e-fas-envelope\" viewbox=\"0 0 512 512\" xmlns=\"http:\/\/www.w3.org\/2000\/svg\"><path d=\"M502.3 190.8c3.9-3.1 9.7-.2 9.7 4.7V400c0 26.5-21.5 48-48 48H48c-26.5 0-48-21.5-48-48V195.6c0-5 5.7-7.8 9.7-4.7 22.4 17.4 52.1 39.5 154.1 113.6 21.1 15.4 56.7 47.8 92.2 47.6 35.7.3 72-32.8 92.3-47.6 102-74.1 131.6-96.3 154-113.7zM256 320c23.2.4 56.6-29.2 73.4-41.4 132.7-96.3 142.8-104.7 173.4-128.7 5.8-4.5 9.2-11.5 9.2-18.9v-19c0-26.5-21.5-48-48-48H48C21.5 64 0 85.5 0 112v19c0 7.4 3.4 14.3 9.2 18.9 30.6 23.9 40.7 32.4 173.4 128.7 16.8 12.2 50.2 41.8 73.4 41.4z\"><\/path><\/svg>\t\t\t\t<\/span>\n\t\t\t<\/div>\n\t\t\t\n\t\t\t\t\t\t<div class=\"elementor-icon-box-content\">\n\n\t\t\t\t\t\t\t\t\t<p class=\"elementor-icon-box-title\">\n\t\t\t\t\t\t<span  >\n\t\t\t\t\t\t\tTel\u00e8fon Pilates\t\t\t\t\t\t<\/span>\n\t\t\t\t\t<\/p>\n\t\t\t\t\n\t\t\t\t\t\t\t\t\t<p class=\"elementor-icon-box-description\">\n\t\t\t\t\t\t619 38 57 94\t\t\t\t\t<\/p>\n\t\t\t\t\n\t\t\t<\/div>\n\t\t\t\n\t\t<\/div>\n\t\t\t\t\t\t<\/div>\n\t\t\t\t<\/div>\n\t\t<div class=\"elementor-element elementor-element-59260e73 e-flex e-con-boxed e-con e-child\" data-id=\"59260e73\" data-element_type=\"container\" data-e-type=\"container\" data-settings=\"{&quot;background_background&quot;:&quot;classic&quot;}\">\n\t\t\t\t\t<div class=\"e-con-inner\">\n\t\t\t\t<div class=\"elementor-element elementor-element-356b2141 elementor-widget elementor-widget-heading\" data-id=\"356b2141\" data-element_type=\"widget\" data-e-type=\"widget\" data-widget_type=\"heading.default\">\n\t\t\t\t\t<h3 class=\"elementor-heading-title elementor-size-default\">Agenda la teva primera sessi\u00f3 avui!<\/h3>\t\t\t\t<\/div>\n\t\t\t\t<div class=\"elementor-element elementor-element-5ca097d3 elementor-align-center elementor-widget elementor-widget-button\" data-id=\"5ca097d3\" data-element_type=\"widget\" data-e-type=\"widget\" data-widget_type=\"button.default\">\n\t\t\t\t\t\t\t\t\t\t<a class=\"elementor-button elementor-button-link elementor-size-sm elementor-animation-grow\" href=\"\/ca\/#contacto\">\n\t\t\t\t\t\t<span class=\"elementor-button-content-wrapper\">\n\t\t\t\t\t\t\t\t\t<span class=\"elementor-button-text\">Contacta&#039;ns<\/span>\n\t\t\t\t\t<\/span>\n\t\t\t\t\t<\/a>\n\t\t\t\t\t\t\t\t<\/div>\n\t\t\t\t\t<\/div>\n\t\t\t\t<\/div>\n\t\t\t\t<\/div>\n\t\t<div class=\"elementor-element elementor-element-bd8724c e-con-full e-flex e-con e-child\" data-id=\"bd8724c\" data-element_type=\"container\" data-e-type=\"container\">\n\t\t\t\t<div class=\"elementor-element elementor-element-6807dbe6 elementor-widget elementor-widget-text-editor\" data-id=\"6807dbe6\" data-element_type=\"widget\" data-e-type=\"widget\" data-widget_type=\"text-editor.default\">\n\t\t\t\t\t\t\t\t\t<p data-pm-slice=\"1 1 []\">El m\u00e8tode Pilates \u00e9s una forma dexercici que combina control, precisi\u00f3 i flu\u00efdesa en els moviments per enfortir el cos, millorar la postura i augmentar la flexibilitat. Al nostre centre oferim sessions personalitzades de pilates adaptades a diferents nivells i necessitats espec\u00edfiques, ja sigui per millorar la condici\u00f3 f\u00edsica, rehabilitar lesions o simplement mantenir un estat de benestar.<\/p><p>Els nostres professionals dissenyen cada sessi\u00f3 amb un enfocament terap\u00e8utic, assegurant que cada exercici es faci amb la t\u00e8cnica adequada per evitar tensions innecess\u00e0ries i potenciar-ne els beneficis. Aquesta pr\u00e0ctica enforteix el core, estabilitza la columna vertebral i millora la coordinaci\u00f3 corporal, reduint l&#039;estr\u00e8s i promovent una connexi\u00f3 ment-cos que afavoreix la relaxaci\u00f3 i el benestar general. Pilates \u00e9s ideal tant per a persones que volen millorar el seu estat f\u00edsic com per a aquelles que necessiten recuperar-se de malalties musculars o articulars.<\/p>\t\t\t\t\t\t\t\t<\/div>\n\t\t<div class=\"elementor-element elementor-element-7de51169 e-con-full e-flex e-con e-child\" data-id=\"7de51169\" data-element_type=\"container\" data-e-type=\"container\">\n\t\t<div class=\"elementor-element elementor-element-7f00cca7 e-con-full e-flex e-con e-child\" data-id=\"7f00cca7\" data-element_type=\"container\" data-e-type=\"container\">\n\t\t\t\t<div class=\"elementor-element elementor-element-3035df87 elementor-skin-carousel elementor-widget elementor-widget-media-carousel\" data-id=\"3035df87\" data-element_type=\"widget\" data-e-type=\"widget\" data-settings=\"{&quot;slides_per_view&quot;:&quot;2&quot;,&quot;slides_to_scroll&quot;:&quot;1&quot;,&quot;skin&quot;:&quot;carousel&quot;,&quot;effect&quot;:&quot;slide&quot;,&quot;speed&quot;:500,&quot;autoplay&quot;:&quot;yes&quot;,&quot;autoplay_speed&quot;:5000,&quot;loop&quot;:&quot;yes&quot;,&quot;pause_on_hover&quot;:&quot;yes&quot;,&quot;pause_on_interaction&quot;:&quot;yes&quot;,&quot;space_between&quot;:{&quot;unit&quot;:&quot;px&quot;,&quot;size&quot;:10,&quot;sizes&quot;:[]},&quot;space_between_tablet&quot;:{&quot;unit&quot;:&quot;px&quot;,&quot;size&quot;:10,&quot;sizes&quot;:[]},&quot;space_between_mobile&quot;:{&quot;unit&quot;:&quot;px&quot;,&quot;size&quot;:10,&quot;sizes&quot;:[]}}\" data-widget_type=\"media-carousel.default\">\n\t\t\t\t\t\t\t\t\t\t<div class=\"elementor-main-swiper swiper\" role=\"region\" aria-roledescription=\"carousel\" aria-label=\"Diapositives\">\n\t\t\t\t<div class=\"swiper-wrapper\">\n\t\t\t\t\t\t\t\t\t\t\t<div class=\"swiper-slide\" role=\"group\" aria-roledescription=\"slide\">\n\t\t\t\t\t\t\t\t\t<div class=\"elementor-carousel-image\" role=\"img\" aria-label=\"Pilates\" style=\"background-image: url(&#039;https:\/\/osteopatiamiguelcobos.com\/wp-content\/uploads\/2025\/01\/IMG_5631.jpg&#039;)\">\n\n\t\t\t\n\t\t\t\t\t<\/div>\n\t\t\t\t\t\t\t\t<\/div>\n\t\t\t\t\t\t\t\t\t\t\t<div class=\"swiper-slide\" role=\"group\" aria-roledescription=\"slide\">\n\t\t\t\t\t\t\t\t\t<div class=\"elementor-carousel-image\" role=\"img\" aria-label=\"Screenshot\" style=\"background-image: url(&#039;https:\/\/osteopatiamiguelcobos.com\/wp-content\/uploads\/2025\/01\/IMG_5630.jpg&#039;)\">\n\n\t\t\t\n\t\t\t\t\t<\/div>\n\t\t\t\t\t\t\t\t<\/div>\n\t\t\t\t\t\t\t\t\t\t\t<div class=\"swiper-slide\" role=\"group\" aria-roledescription=\"slide\">\n\t\t\t\t\t\t\t\t\t<div class=\"elementor-carousel-image\" role=\"img\" aria-label=\"Screenshot\" style=\"background-image: url(&#039;https:\/\/osteopatiamiguelcobos.com\/wp-content\/uploads\/2025\/01\/IMG_5629.jpg&#039;)\">\n\n\t\t\t\n\t\t\t\t\t<\/div>\n\t\t\t\t\t\t\t\t<\/div>\n\t\t\t\t\t\t\t\t\t\t\t<div class=\"swiper-slide\" role=\"group\" aria-roledescription=\"slide\">\n\t\t\t\t\t\t\t\t\t<div class=\"elementor-carousel-image\" role=\"img\" aria-label=\"19745830-6c98-4257-9149-eee94946e1f4\" style=\"background-image: url(&#039;https:\/\/osteopatiamiguelcobos.com\/wp-content\/uploads\/2025\/01\/19745830-6c98-4257-9149-eee94946e1f4.jpg&#039;)\">\n\n\t\t\t\n\t\t\t\t\t<\/div>\n\t\t\t\t\t\t\t\t<\/div>\n\t\t\t\t\t\t\t\t\t\t\t<div class=\"swiper-slide\" role=\"group\" aria-roledescription=\"slide\">\n\t\t\t\t\t\t\t\t\t<div class=\"elementor-carousel-image\" role=\"img\" aria-label=\"c3a93918-5d3b-42a0-baea-b01cab4cd379\" style=\"background-image: url(&#039;https:\/\/osteopatiamiguelcobos.com\/wp-content\/uploads\/2025\/01\/c3a93918-5d3b-42a0-baea-b01cab4cd379.jpg&#039;)\">\n\n\t\t\t\n\t\t\t\t\t<\/div>\n\t\t\t\t\t\t\t\t<\/div>\n\t\t\t\t\t\t\t\t\t<\/div>\n\t\t\t\t\t\t\t\t\t\t\t\t\t\t\t\t\t\t\t\t\t<\/div>\n\t\t\t\t\t\t\t\t<\/div>\n\t\t\t\t<\/div>\n\t\t\t\t<\/div>\n\t\t\t\t<\/div>\n\t\t\t\t\t<\/div>\n\t\t\t\t<\/div>\n\t\t\t\t<\/div>","protected":false},"excerpt":{"rendered":"<p>Nuestros Servicios Osteopat\u00eda Pilates Nutricionista Tel\u00e9fono Pilates 619 38 57 94 \u00a1Agenda tu primera sesi\u00f3n hoy! Cont\u00e1ctanos El m\u00e9todo Pilates es una forma de ejercicio que combina control, precisi\u00f3n y fluidez en los movimientos para fortalecer el cuerpo, mejorar la postura y aumentar la flexibilidad. En nuestro centro ofrecemos sesiones personalizadas de pilates adaptadas a [&hellip;]<\/p>\n","protected":false},"author":9,"featured_media":0,"parent":0,"menu_order":0,"comment_status":"closed","ping_status":"closed","template":"elementor_header_footer","meta":{"footnotes":""},"class_list":["post-269","page","type-page","status-publish","hentry"],"yoast_head":"<!-- This site is optimized with the Yoast SEO plugin v27.5 - https:\/\/yoast.com\/product\/yoast-seo-wordpress\/ -->\n<title>Pilates - Centre d&#039;osteopatia i Pilates Miguel Cobos<\/title>\n<meta name=\"robots\" content=\"index, follow, max-snippet:-1, max-image-preview:large, max-video-preview:-1\" \/>\n<link rel=\"canonical\" href=\"https:\/\/osteopatiamiguelcobos.com\/ca\/pilates\/\" \/>\n<meta property=\"og:locale\" content=\"ca_ES\" \/>\n<meta property=\"og:type\" content=\"article\" \/>\n<meta property=\"og:title\" content=\"Pilates - Centre d&#039;osteopatia i Pilates Miguel Cobos\" \/>\n<meta property=\"og:description\" content=\"Nuestros Servicios Osteopat\u00eda Pilates Nutricionista Tel\u00e9fono Pilates 619 38 57 94 \u00a1Agenda tu primera sesi\u00f3n hoy! Cont\u00e1ctanos El m\u00e9todo Pilates es una forma de ejercicio que combina control, precisi\u00f3n y fluidez en los movimientos para fortalecer el cuerpo, mejorar la postura y aumentar la flexibilidad. En nuestro centro ofrecemos sesiones personalizadas de pilates adaptadas a [&hellip;]\" \/>\n<meta property=\"og:url\" content=\"https:\/\/osteopatiamiguelcobos.com\/ca\/pilates\/\" \/>\n<meta property=\"og:site_name\" content=\"Centre d&#039;osteopatia i Pilates Miguel Cobos\" \/>\n<meta property=\"article:modified_time\" content=\"2025-01-16T08:18:09+00:00\" \/>\n<meta name=\"twitter:card\" content=\"summary_large_image\" \/>\n<script type=\"application\/ld+json\" class=\"yoast-schema-graph\">{\"@context\":\"https:\\\/\\\/schema.org\",\"@graph\":[{\"@type\":\"WebPage\",\"@id\":\"https:\\\/\\\/osteopatiamiguelcobos.com\\\/pilates\\\/\",\"url\":\"https:\\\/\\\/osteopatiamiguelcobos.com\\\/pilates\\\/\",\"name\":\"Pilates - Centre d&#039;osteopatia i Pilates Miguel Cobos\",\"isPartOf\":{\"@id\":\"https:\\\/\\\/osteopatiamiguelcobos.com\\\/#website\"},\"datePublished\":\"2025-01-16T07:00:43+00:00\",\"dateModified\":\"2025-01-16T08:18:09+00:00\",\"breadcrumb\":{\"@id\":\"https:\\\/\\\/osteopatiamiguelcobos.com\\\/pilates\\\/#breadcrumb\"},\"inLanguage\":\"ca\",\"potentialAction\":[{\"@type\":\"ReadAction\",\"target\":[\"https:\\\/\\\/osteopatiamiguelcobos.com\\\/pilates\\\/\"]}]},{\"@type\":\"BreadcrumbList\",\"@id\":\"https:\\\/\\\/osteopatiamiguelcobos.com\\\/pilates\\\/#breadcrumb\",\"itemListElement\":[{\"@type\":\"ListItem\",\"position\":1,\"name\":\"Portada\",\"item\":\"https:\\\/\\\/osteopatiamiguelcobos.com\\\/\"},{\"@type\":\"ListItem\",\"position\":2,\"name\":\"Pilates\"}]},{\"@type\":\"WebSite\",\"@id\":\"https:\\\/\\\/osteopatiamiguelcobos.com\\\/#website\",\"url\":\"https:\\\/\\\/osteopatiamiguelcobos.com\\\/\",\"name\":\"Centre d&#039;osteopatia i Pilates Miguel Cobos\",\"description\":\"Osteopatia, Pilates y Nutricionista\",\"publisher\":{\"@id\":\"https:\\\/\\\/osteopatiamiguelcobos.com\\\/#organization\"},\"potentialAction\":[{\"@type\":\"SearchAction\",\"target\":{\"@type\":\"EntryPoint\",\"urlTemplate\":\"https:\\\/\\\/osteopatiamiguelcobos.com\\\/?s={search_term_string}\"},\"query-input\":{\"@type\":\"PropertyValueSpecification\",\"valueRequired\":true,\"valueName\":\"search_term_string\"}}],\"inLanguage\":\"ca\"},{\"@type\":\"Organization\",\"@id\":\"https:\\\/\\\/osteopatiamiguelcobos.com\\\/#organization\",\"name\":\"Centre d&#039;osteopatia i Pilates Miguel Cobos\",\"url\":\"https:\\\/\\\/osteopatiamiguelcobos.com\\\/\",\"logo\":{\"@type\":\"ImageObject\",\"inLanguage\":\"ca\",\"@id\":\"https:\\\/\\\/osteopatiamiguelcobos.com\\\/#\\\/schema\\\/logo\\\/image\\\/\",\"url\":\"https:\\\/\\\/osteopatiamiguelcobos.com\\\/wp-content\\\/uploads\\\/2025\\\/01\\\/osteopatia-logo.png\",\"contentUrl\":\"https:\\\/\\\/osteopatiamiguelcobos.com\\\/wp-content\\\/uploads\\\/2025\\\/01\\\/osteopatia-logo.png\",\"width\":660,\"height\":304,\"caption\":\"Centre d&#039;osteopatia i Pilates Miguel Cobos\"},\"image\":{\"@id\":\"https:\\\/\\\/osteopatiamiguelcobos.com\\\/#\\\/schema\\\/logo\\\/image\\\/\"}}]}<\/script>\n<!-- \/ Yoast SEO plugin. -->","yoast_head_json":{"title":"Pilates - Centre d&#039;osteopatia i Pilates Miguel Cobos","robots":{"index":"index","follow":"follow","max-snippet":"max-snippet:-1","max-image-preview":"max-image-preview:large","max-video-preview":"max-video-preview:-1"},"canonical":"https:\/\/osteopatiamiguelcobos.com\/ca\/pilates\/","og_locale":"ca_ES","og_type":"article","og_title":"Pilates - Centre d&#039;osteopatia i Pilates Miguel Cobos","og_description":"Nuestros Servicios Osteopat\u00eda Pilates Nutricionista Tel\u00e9fono Pilates 619 38 57 94 \u00a1Agenda tu primera sesi\u00f3n hoy! Cont\u00e1ctanos El m\u00e9todo Pilates es una forma de ejercicio que combina control, precisi\u00f3n y fluidez en los movimientos para fortalecer el cuerpo, mejorar la postura y aumentar la flexibilidad. En nuestro centro ofrecemos sesiones personalizadas de pilates adaptadas a [&hellip;]","og_url":"https:\/\/osteopatiamiguelcobos.com\/ca\/pilates\/","og_site_name":"Centre d&#039;osteopatia i Pilates Miguel Cobos","article_modified_time":"2025-01-16T08:18:09+00:00","twitter_card":"summary_large_image","schema":{"@context":"https:\/\/schema.org","@graph":[{"@type":"WebPage","@id":"https:\/\/osteopatiamiguelcobos.com\/pilates\/","url":"https:\/\/osteopatiamiguelcobos.com\/pilates\/","name":"Pilates - Centre d&#039;osteopatia i Pilates Miguel Cobos","isPartOf":{"@id":"https:\/\/osteopatiamiguelcobos.com\/#website"},"datePublished":"2025-01-16T07:00:43+00:00","dateModified":"2025-01-16T08:18:09+00:00","breadcrumb":{"@id":"https:\/\/osteopatiamiguelcobos.com\/pilates\/#breadcrumb"},"inLanguage":"ca","potentialAction":[{"@type":"ReadAction","target":["https:\/\/osteopatiamiguelcobos.com\/pilates\/"]}]},{"@type":"BreadcrumbList","@id":"https:\/\/osteopatiamiguelcobos.com\/pilates\/#breadcrumb","itemListElement":[{"@type":"ListItem","position":1,"name":"Portada","item":"https:\/\/osteopatiamiguelcobos.com\/"},{"@type":"ListItem","position":2,"name":"Pilates"}]},{"@type":"WebSite","@id":"https:\/\/osteopatiamiguelcobos.com\/#website","url":"https:\/\/osteopatiamiguelcobos.com\/","name":"Centre d&#039;osteopatia i Pilates Miguel Cobos","description":"Osteopatia, Pilates i Nutricionista","publisher":{"@id":"https:\/\/osteopatiamiguelcobos.com\/#organization"},"potentialAction":[{"@type":"SearchAction","target":{"@type":"EntryPoint","urlTemplate":"https:\/\/osteopatiamiguelcobos.com\/?s={search_term_string}"},"query-input":{"@type":"PropertyValueSpecification","valueRequired":true,"valueName":"search_term_string"}}],"inLanguage":"ca"},{"@type":"Organization","@id":"https:\/\/osteopatiamiguelcobos.com\/#organization","name":"Centre d&#039;osteopatia i Pilates Miguel Cobos","url":"https:\/\/osteopatiamiguelcobos.com\/","logo":{"@type":"ImageObject","inLanguage":"ca","@id":"https:\/\/osteopatiamiguelcobos.com\/#\/schema\/logo\/image\/","url":"https:\/\/osteopatiamiguelcobos.com\/wp-content\/uploads\/2025\/01\/osteopatia-logo.png","contentUrl":"https:\/\/osteopatiamiguelcobos.com\/wp-content\/uploads\/2025\/01\/osteopatia-logo.png","width":660,"height":304,"caption":"Centre d&#039;osteopatia i Pilates Miguel Cobos"},"image":{"@id":"https:\/\/osteopatiamiguelcobos.com\/#\/schema\/logo\/image\/"}}]}},"_links":{"self":[{"href":"https:\/\/osteopatiamiguelcobos.com\/ca\/wp-json\/wp\/v2\/pages\/269","targetHints":{"allow":["GET"]}}],"collection":[{"href":"https:\/\/osteopatiamiguelcobos.com\/ca\/wp-json\/wp\/v2\/pages"}],"about":[{"href":"https:\/\/osteopatiamiguelcobos.com\/ca\/wp-json\/wp\/v2\/types\/page"}],"author":[{"embeddable":true,"href":"https:\/\/osteopatiamiguelcobos.com\/ca\/wp-json\/wp\/v2\/users\/9"}],"replies":[{"embeddable":true,"href":"https:\/\/osteopatiamiguelcobos.com\/ca\/wp-json\/wp\/v2\/comments?post=269"}],"version-history":[{"count":13,"href":"https:\/\/osteopatiamiguelcobos.com\/ca\/wp-json\/wp\/v2\/pages\/269\/revisions"}],"predecessor-version":[{"id":333,"href":"https:\/\/osteopatiamiguelcobos.com\/ca\/wp-json\/wp\/v2\/pages\/269\/revisions\/333"}],"wp:attachment":[{"href":"https:\/\/osteopatiamiguelcobos.com\/ca\/wp-json\/wp\/v2\/media?parent=269"}],"curies":[{"name":"wp","href":"https:\/\/api.w.org\/{rel}","templated":true}]}}