{"id":265,"date":"2025-01-16T07:58:20","date_gmt":"2025-01-16T06:58:20","guid":{"rendered":"https:\/\/osteopatiamiguelcobos.com\/?page_id=265"},"modified":"2025-01-16T09:17:22","modified_gmt":"2025-01-16T08:17:22","slug":"osteopatia","status":"publish","type":"page","link":"https:\/\/osteopatiamiguelcobos.com\/ca\/osteopatia\/","title":{"rendered":"Osteopatia"},"content":{"rendered":"<div data-elementor-type=\"wp-page\" data-elementor-id=\"265\" class=\"elementor elementor-265\" data-elementor-post-type=\"page\">\n\t\t\t\t<div class=\"elementor-element elementor-element-1c392095 e-flex e-con-boxed e-con e-parent\" data-id=\"1c392095\" data-element_type=\"container\" data-e-type=\"container\" data-settings=\"{&quot;background_background&quot;:&quot;classic&quot;}\">\n\t\t\t\t\t<div class=\"e-con-inner\">\n\t\t\t\t\t<\/div>\n\t\t\t\t<\/div>\n\t\t<div class=\"elementor-element elementor-element-5280b90e e-flex e-con-boxed e-con e-parent\" data-id=\"5280b90e\" data-element_type=\"container\" data-e-type=\"container\">\n\t\t\t\t\t<div class=\"e-con-inner\">\n\t\t<div class=\"elementor-element elementor-element-7a1a2adf e-con-full e-flex e-con e-child\" data-id=\"7a1a2adf\" data-element_type=\"container\" data-e-type=\"container\">\n\t\t<div class=\"elementor-element elementor-element-127c353d e-con-full e-flex e-con e-child\" data-id=\"127c353d\" data-element_type=\"container\" data-e-type=\"container\" data-settings=\"{&quot;background_background&quot;:&quot;classic&quot;}\">\n\t\t\t\t<div class=\"elementor-element elementor-element-7f6178ad elementor-widget elementor-widget-heading\" data-id=\"7f6178ad\" data-element_type=\"widget\" data-e-type=\"widget\" data-widget_type=\"heading.default\">\n\t\t\t\t\t<h4 class=\"elementor-heading-title elementor-size-default\">Els nostres serveis<\/h4>\t\t\t\t<\/div>\n\t\t<div class=\"elementor-element elementor-element-4ce89332 e-flex e-con-boxed e-con e-child\" data-id=\"4ce89332\" data-element_type=\"container\" data-e-type=\"container\">\n\t\t\t\t\t<div class=\"e-con-inner\">\n\t\t\t\t<div class=\"elementor-element elementor-element-58d2e03d elementor-align-justify elementor-widget elementor-widget-button\" data-id=\"58d2e03d\" data-element_type=\"widget\" data-e-type=\"widget\" data-widget_type=\"button.default\">\n\t\t\t\t\t\t\t\t\t\t<a class=\"elementor-button elementor-button-link elementor-size-sm elementor-animation-grow\" href=\"https:\/\/osteopatiamiguelcobos.com\/ca\/osteopatia\/\">\n\t\t\t\t\t\t<span class=\"elementor-button-content-wrapper\">\n\t\t\t\t\t\t\t\t\t<span class=\"elementor-button-text\">Osteopatia<\/span>\n\t\t\t\t\t<\/span>\n\t\t\t\t\t<\/a>\n\t\t\t\t\t\t\t\t<\/div>\n\t\t\t\t<div class=\"elementor-element elementor-element-24229f1f elementor-align-justify elementor-widget elementor-widget-button\" data-id=\"24229f1f\" data-element_type=\"widget\" data-e-type=\"widget\" data-widget_type=\"button.default\">\n\t\t\t\t\t\t\t\t\t\t<a class=\"elementor-button elementor-button-link elementor-size-sm elementor-animation-grow\" href=\"https:\/\/osteopatiamiguelcobos.com\/ca\/pilates\/\">\n\t\t\t\t\t\t<span class=\"elementor-button-content-wrapper\">\n\t\t\t\t\t\t\t\t\t<span class=\"elementor-button-text\">Pilates<\/span>\n\t\t\t\t\t<\/span>\n\t\t\t\t\t<\/a>\n\t\t\t\t\t\t\t\t<\/div>\n\t\t\t\t<div class=\"elementor-element elementor-element-622cad0f elementor-align-justify elementor-widget elementor-widget-button\" data-id=\"622cad0f\" data-element_type=\"widget\" data-e-type=\"widget\" data-widget_type=\"button.default\">\n\t\t\t\t\t\t\t\t\t\t<a class=\"elementor-button elementor-button-link elementor-size-sm elementor-animation-grow\" href=\"https:\/\/osteopatiamiguelcobos.com\/ca\/nutricionista\/\">\n\t\t\t\t\t\t<span class=\"elementor-button-content-wrapper\">\n\t\t\t\t\t\t\t\t\t<span class=\"elementor-button-text\">Nutricionista<\/span>\n\t\t\t\t\t<\/span>\n\t\t\t\t\t<\/a>\n\t\t\t\t\t\t\t\t<\/div>\n\t\t\t\t\t<\/div>\n\t\t\t\t<\/div>\n\t\t\t\t<div class=\"elementor-element elementor-element-ad3ee4d elementor-view-stacked elementor-position-inline-start elementor-mobile-position-inline-start elementor-shape-circle elementor-widget elementor-widget-icon-box\" data-id=\"ad3ee4d\" data-element_type=\"widget\" data-e-type=\"widget\" data-widget_type=\"icon-box.default\">\n\t\t\t\t\t\t\t<div class=\"elementor-icon-box-wrapper\">\n\n\t\t\t\t\t\t<div class=\"elementor-icon-box-icon\">\n\t\t\t\t<span  class=\"elementor-icon\">\n\t\t\t\t<svg aria-hidden=\"true\" class=\"e-font-icon-svg e-fas-envelope\" viewbox=\"0 0 512 512\" xmlns=\"http:\/\/www.w3.org\/2000\/svg\"><path d=\"M502.3 190.8c3.9-3.1 9.7-.2 9.7 4.7V400c0 26.5-21.5 48-48 48H48c-26.5 0-48-21.5-48-48V195.6c0-5 5.7-7.8 9.7-4.7 22.4 17.4 52.1 39.5 154.1 113.6 21.1 15.4 56.7 47.8 92.2 47.6 35.7.3 72-32.8 92.3-47.6 102-74.1 131.6-96.3 154-113.7zM256 320c23.2.4 56.6-29.2 73.4-41.4 132.7-96.3 142.8-104.7 173.4-128.7 5.8-4.5 9.2-11.5 9.2-18.9v-19c0-26.5-21.5-48-48-48H48C21.5 64 0 85.5 0 112v19c0 7.4 3.4 14.3 9.2 18.9 30.6 23.9 40.7 32.4 173.4 128.7 16.8 12.2 50.2 41.8 73.4 41.4z\"><\/path><\/svg>\t\t\t\t<\/span>\n\t\t\t<\/div>\n\t\t\t\n\t\t\t\t\t\t<div class=\"elementor-icon-box-content\">\n\n\t\t\t\t\t\t\t\t\t<p class=\"elementor-icon-box-title\">\n\t\t\t\t\t\t<span  >\n\t\t\t\t\t\t\tTel\u00e8fon Osteopatia\t\t\t\t\t\t<\/span>\n\t\t\t\t\t<\/p>\n\t\t\t\t\n\t\t\t\t\t\t\t\t\t<p class=\"elementor-icon-box-description\">\n\t\t\t\t\t\t669 18 11 84\t\t\t\t\t<\/p>\n\t\t\t\t\n\t\t\t<\/div>\n\t\t\t\n\t\t<\/div>\n\t\t\t\t\t\t<\/div>\n\t\t\t\t<\/div>\n\t\t<div class=\"elementor-element elementor-element-1d01b706 e-flex e-con-boxed e-con e-child\" data-id=\"1d01b706\" data-element_type=\"container\" data-e-type=\"container\" data-settings=\"{&quot;background_background&quot;:&quot;classic&quot;}\">\n\t\t\t\t\t<div class=\"e-con-inner\">\n\t\t\t\t<div class=\"elementor-element elementor-element-e6f239c elementor-widget elementor-widget-heading\" data-id=\"e6f239c\" data-element_type=\"widget\" data-e-type=\"widget\" data-widget_type=\"heading.default\">\n\t\t\t\t\t<h3 class=\"elementor-heading-title elementor-size-default\">Agenda la teva primera sessi\u00f3 avui!<\/h3>\t\t\t\t<\/div>\n\t\t\t\t<div class=\"elementor-element elementor-element-6edcec0d elementor-align-center elementor-widget elementor-widget-button\" data-id=\"6edcec0d\" data-element_type=\"widget\" data-e-type=\"widget\" data-widget_type=\"button.default\">\n\t\t\t\t\t\t\t\t\t\t<a class=\"elementor-button elementor-button-link elementor-size-sm elementor-animation-grow\" href=\"\/ca\/#contacto\">\n\t\t\t\t\t\t<span class=\"elementor-button-content-wrapper\">\n\t\t\t\t\t\t\t\t\t<span class=\"elementor-button-text\">Contacta&#039;ns<\/span>\n\t\t\t\t\t<\/span>\n\t\t\t\t\t<\/a>\n\t\t\t\t\t\t\t\t<\/div>\n\t\t\t\t\t<\/div>\n\t\t\t\t<\/div>\n\t\t\t\t<\/div>\n\t\t<div class=\"elementor-element elementor-element-116b3b2d e-con-full e-flex e-con e-child\" data-id=\"116b3b2d\" data-element_type=\"container\" data-e-type=\"container\">\n\t\t\t\t<div class=\"elementor-element elementor-element-7572165f elementor-widget elementor-widget-text-editor\" data-id=\"7572165f\" data-element_type=\"widget\" data-e-type=\"widget\" data-widget_type=\"text-editor.default\">\n\t\t\t\t\t\t\t\t\t<p data-pm-slice=\"1 1 []\">L&#039;osteopatia \u00e9s una disciplina terap\u00e8utica basada en la manipulaci\u00f3 manual per millorar la mobilitat de les estructures del cos i optimitzar-ne la funci\u00f3 global. A trav\u00e9s de t\u00e8cniques especialitzades, els nostres oste\u00f2pates treballen sobre el sistema musculoesquel\u00e8tic, el sistema nervi\u00f3s i els \u00f2rgans interns, promovent un equilibri natural i restaurant l&#039;harmonia corporal.<\/p><p>Al nostre centre abordem una \u00e0mplia varietat de problemes, des de dolors cr\u00f2nics i tensions musculars fins a trastorns posturals i lesions esportives. L&#039;osteopatia tamb\u00e9 \u00e9s beneficiosa en la recuperaci\u00f3 de lesions traum\u00e0tiques, ajudant a alleujar el dolor i millorar la qualitat de vida. Ens enfoquem a tractar la causa subjacent dels s\u00edmptomes, no nom\u00e9s les seves manifestacions, per proporcionar un alleugeriment durador i sostenible.<\/p>\t\t\t\t\t\t\t\t<\/div>\n\t\t<div class=\"elementor-element elementor-element-290bf8ad e-con-full e-flex e-con e-child\" data-id=\"290bf8ad\" data-element_type=\"container\" data-e-type=\"container\">\n\t\t<div class=\"elementor-element elementor-element-33195d1e e-con-full e-flex e-con e-child\" data-id=\"33195d1e\" data-element_type=\"container\" data-e-type=\"container\">\n\t\t\t\t<div class=\"elementor-element elementor-element-8bab233 elementor-skin-carousel elementor-widget elementor-widget-media-carousel\" data-id=\"8bab233\" data-element_type=\"widget\" data-e-type=\"widget\" data-settings=\"{&quot;slides_per_view&quot;:&quot;2&quot;,&quot;slides_to_scroll&quot;:&quot;1&quot;,&quot;skin&quot;:&quot;carousel&quot;,&quot;effect&quot;:&quot;slide&quot;,&quot;speed&quot;:500,&quot;autoplay&quot;:&quot;yes&quot;,&quot;autoplay_speed&quot;:5000,&quot;loop&quot;:&quot;yes&quot;,&quot;pause_on_hover&quot;:&quot;yes&quot;,&quot;pause_on_interaction&quot;:&quot;yes&quot;,&quot;space_between&quot;:{&quot;unit&quot;:&quot;px&quot;,&quot;size&quot;:10,&quot;sizes&quot;:[]},&quot;space_between_tablet&quot;:{&quot;unit&quot;:&quot;px&quot;,&quot;size&quot;:10,&quot;sizes&quot;:[]},&quot;space_between_mobile&quot;:{&quot;unit&quot;:&quot;px&quot;,&quot;size&quot;:10,&quot;sizes&quot;:[]}}\" data-widget_type=\"media-carousel.default\">\n\t\t\t\t\t\t\t\t\t\t<div class=\"elementor-main-swiper swiper\" role=\"region\" aria-roledescription=\"carousel\" aria-label=\"Diapositives\">\n\t\t\t\t<div class=\"swiper-wrapper\">\n\t\t\t\t\t\t\t\t\t\t\t<div class=\"swiper-slide\" role=\"group\" aria-roledescription=\"slide\">\n\t\t\t\t\t\t\t\t\t<div class=\"elementor-carousel-image\" role=\"img\" aria-label=\"Screenshot\" style=\"background-image: url(&#039;https:\/\/osteopatiamiguelcobos.com\/wp-content\/uploads\/2025\/01\/IMG_5637.jpg&#039;)\">\n\n\t\t\t\n\t\t\t\t\t<\/div>\n\t\t\t\t\t\t\t\t<\/div>\n\t\t\t\t\t\t\t\t\t\t\t<div class=\"swiper-slide\" role=\"group\" aria-roledescription=\"slide\">\n\t\t\t\t\t\t\t\t\t<div class=\"elementor-carousel-image\" role=\"img\" aria-label=\"Screenshot\" style=\"background-image: url(&#039;https:\/\/osteopatiamiguelcobos.com\/wp-content\/uploads\/2025\/01\/IMG_5636.jpg&#039;)\">\n\n\t\t\t\n\t\t\t\t\t<\/div>\n\t\t\t\t\t\t\t\t<\/div>\n\t\t\t\t\t\t\t\t\t\t\t<div class=\"swiper-slide\" role=\"group\" aria-roledescription=\"slide\">\n\t\t\t\t\t\t\t\t\t<div class=\"elementor-carousel-image\" role=\"img\" aria-label=\"Screenshot\" style=\"background-image: url(&#039;https:\/\/osteopatiamiguelcobos.com\/wp-content\/uploads\/2025\/01\/IMG_5634.jpg&#039;)\">\n\n\t\t\t\n\t\t\t\t\t<\/div>\n\t\t\t\t\t\t\t\t<\/div>\n\t\t\t\t\t\t\t\t\t\t\t<div class=\"swiper-slide\" role=\"group\" aria-roledescription=\"slide\">\n\t\t\t\t\t\t\t\t\t<div class=\"elementor-carousel-image\" role=\"img\" aria-label=\"Screenshot\" style=\"background-image: url(&#039;https:\/\/osteopatiamiguelcobos.com\/wp-content\/uploads\/2025\/01\/IMG_5626.jpg&#039;)\">\n\n\t\t\t\n\t\t\t\t\t<\/div>\n\t\t\t\t\t\t\t\t<\/div>\n\t\t\t\t\t\t\t\t\t\t\t<div class=\"swiper-slide\" role=\"group\" aria-roledescription=\"slide\">\n\t\t\t\t\t\t\t\t\t<div class=\"elementor-carousel-image\" role=\"img\" aria-label=\"Osteopatia\" style=\"background-image: url(&#039;https:\/\/osteopatiamiguelcobos.com\/wp-content\/uploads\/2025\/01\/IMG_5633.jpg&#039;)\">\n\n\t\t\t\n\t\t\t\t\t<\/div>\n\t\t\t\t\t\t\t\t<\/div>\n\t\t\t\t\t\t\t\t\t<\/div>\n\t\t\t\t\t\t\t\t\t\t\t\t\t\t\t\t\t\t\t\t\t<\/div>\n\t\t\t\t\t\t\t\t<\/div>\n\t\t\t\t<\/div>\n\t\t\t\t<\/div>\n\t\t\t\t<\/div>\n\t\t\t\t\t<\/div>\n\t\t\t\t<\/div>\n\t\t\t\t<\/div>","protected":false},"excerpt":{"rendered":"<p>Nuestros Servicios Osteopat\u00eda Pilates Nutricionista Tel\u00e9fono Osteopat\u00eda 669 18 11 84 \u00a1Agenda tu primera sesi\u00f3n hoy! Cont\u00e1ctanos La osteopat\u00eda es una disciplina terap\u00e9utica basada en la manipulaci\u00f3n manual para mejorar la movilidad de las estructuras del cuerpo y optimizar su funci\u00f3n global. A trav\u00e9s de t\u00e9cnicas especializadas, nuestros oste\u00f3patas trabajan sobre el sistema musculoesquel\u00e9tico, el [&hellip;]<\/p>\n","protected":false},"author":9,"featured_media":0,"parent":0,"menu_order":0,"comment_status":"closed","ping_status":"closed","template":"elementor_header_footer","meta":{"footnotes":""},"class_list":["post-265","page","type-page","status-publish","hentry"],"yoast_head":"<!-- This site is optimized with the Yoast SEO plugin v27.5 - https:\/\/yoast.com\/product\/yoast-seo-wordpress\/ -->\n<title>Osteopat\u00eda - Centre d&#039;osteopatia i Pilates Miguel Cobos<\/title>\n<meta name=\"robots\" content=\"index, follow, max-snippet:-1, max-image-preview:large, max-video-preview:-1\" \/>\n<link rel=\"canonical\" href=\"https:\/\/osteopatiamiguelcobos.com\/ca\/osteopatia\/\" \/>\n<meta property=\"og:locale\" content=\"ca_ES\" \/>\n<meta property=\"og:type\" content=\"article\" \/>\n<meta property=\"og:title\" content=\"Osteopat\u00eda - Centre d&#039;osteopatia i Pilates Miguel Cobos\" \/>\n<meta property=\"og:description\" content=\"Nuestros Servicios Osteopat\u00eda Pilates Nutricionista Tel\u00e9fono Osteopat\u00eda 669 18 11 84 \u00a1Agenda tu primera sesi\u00f3n hoy! Cont\u00e1ctanos La osteopat\u00eda es una disciplina terap\u00e9utica basada en la manipulaci\u00f3n manual para mejorar la movilidad de las estructuras del cuerpo y optimizar su funci\u00f3n global. A trav\u00e9s de t\u00e9cnicas especializadas, nuestros oste\u00f3patas trabajan sobre el sistema musculoesquel\u00e9tico, el [&hellip;]\" \/>\n<meta property=\"og:url\" content=\"https:\/\/osteopatiamiguelcobos.com\/ca\/osteopatia\/\" \/>\n<meta property=\"og:site_name\" content=\"Centre d&#039;osteopatia i Pilates Miguel Cobos\" \/>\n<meta property=\"article:modified_time\" content=\"2025-01-16T08:17:22+00:00\" \/>\n<meta name=\"twitter:card\" content=\"summary_large_image\" \/>\n<script type=\"application\/ld+json\" class=\"yoast-schema-graph\">{\"@context\":\"https:\\\/\\\/schema.org\",\"@graph\":[{\"@type\":\"WebPage\",\"@id\":\"https:\\\/\\\/osteopatiamiguelcobos.com\\\/osteopatia\\\/\",\"url\":\"https:\\\/\\\/osteopatiamiguelcobos.com\\\/osteopatia\\\/\",\"name\":\"Osteopat\u00eda - Centre d&#039;osteopatia i Pilates Miguel Cobos\",\"isPartOf\":{\"@id\":\"https:\\\/\\\/osteopatiamiguelcobos.com\\\/#website\"},\"datePublished\":\"2025-01-16T06:58:20+00:00\",\"dateModified\":\"2025-01-16T08:17:22+00:00\",\"breadcrumb\":{\"@id\":\"https:\\\/\\\/osteopatiamiguelcobos.com\\\/osteopatia\\\/#breadcrumb\"},\"inLanguage\":\"ca\",\"potentialAction\":[{\"@type\":\"ReadAction\",\"target\":[\"https:\\\/\\\/osteopatiamiguelcobos.com\\\/osteopatia\\\/\"]}]},{\"@type\":\"BreadcrumbList\",\"@id\":\"https:\\\/\\\/osteopatiamiguelcobos.com\\\/osteopatia\\\/#breadcrumb\",\"itemListElement\":[{\"@type\":\"ListItem\",\"position\":1,\"name\":\"Portada\",\"item\":\"https:\\\/\\\/osteopatiamiguelcobos.com\\\/\"},{\"@type\":\"ListItem\",\"position\":2,\"name\":\"Osteopat\u00eda\"}]},{\"@type\":\"WebSite\",\"@id\":\"https:\\\/\\\/osteopatiamiguelcobos.com\\\/#website\",\"url\":\"https:\\\/\\\/osteopatiamiguelcobos.com\\\/\",\"name\":\"Centre d&#039;osteopatia i Pilates Miguel Cobos\",\"description\":\"Osteopatia, Pilates y Nutricionista\",\"publisher\":{\"@id\":\"https:\\\/\\\/osteopatiamiguelcobos.com\\\/#organization\"},\"potentialAction\":[{\"@type\":\"SearchAction\",\"target\":{\"@type\":\"EntryPoint\",\"urlTemplate\":\"https:\\\/\\\/osteopatiamiguelcobos.com\\\/?s={search_term_string}\"},\"query-input\":{\"@type\":\"PropertyValueSpecification\",\"valueRequired\":true,\"valueName\":\"search_term_string\"}}],\"inLanguage\":\"ca\"},{\"@type\":\"Organization\",\"@id\":\"https:\\\/\\\/osteopatiamiguelcobos.com\\\/#organization\",\"name\":\"Centre d&#039;osteopatia i Pilates Miguel Cobos\",\"url\":\"https:\\\/\\\/osteopatiamiguelcobos.com\\\/\",\"logo\":{\"@type\":\"ImageObject\",\"inLanguage\":\"ca\",\"@id\":\"https:\\\/\\\/osteopatiamiguelcobos.com\\\/#\\\/schema\\\/logo\\\/image\\\/\",\"url\":\"https:\\\/\\\/osteopatiamiguelcobos.com\\\/wp-content\\\/uploads\\\/2025\\\/01\\\/osteopatia-logo.png\",\"contentUrl\":\"https:\\\/\\\/osteopatiamiguelcobos.com\\\/wp-content\\\/uploads\\\/2025\\\/01\\\/osteopatia-logo.png\",\"width\":660,\"height\":304,\"caption\":\"Centre d&#039;osteopatia i Pilates Miguel Cobos\"},\"image\":{\"@id\":\"https:\\\/\\\/osteopatiamiguelcobos.com\\\/#\\\/schema\\\/logo\\\/image\\\/\"}}]}<\/script>\n<!-- \/ Yoast SEO plugin. -->","yoast_head_json":{"title":"Osteopat\u00eda - Centre d&#039;osteopatia i Pilates Miguel Cobos","robots":{"index":"index","follow":"follow","max-snippet":"max-snippet:-1","max-image-preview":"max-image-preview:large","max-video-preview":"max-video-preview:-1"},"canonical":"https:\/\/osteopatiamiguelcobos.com\/ca\/osteopatia\/","og_locale":"ca_ES","og_type":"article","og_title":"Osteopat\u00eda - Centre d&#039;osteopatia i Pilates Miguel Cobos","og_description":"Nuestros Servicios Osteopat\u00eda Pilates Nutricionista Tel\u00e9fono Osteopat\u00eda 669 18 11 84 \u00a1Agenda tu primera sesi\u00f3n hoy! Cont\u00e1ctanos La osteopat\u00eda es una disciplina terap\u00e9utica basada en la manipulaci\u00f3n manual para mejorar la movilidad de las estructuras del cuerpo y optimizar su funci\u00f3n global. A trav\u00e9s de t\u00e9cnicas especializadas, nuestros oste\u00f3patas trabajan sobre el sistema musculoesquel\u00e9tico, el [&hellip;]","og_url":"https:\/\/osteopatiamiguelcobos.com\/ca\/osteopatia\/","og_site_name":"Centre d&#039;osteopatia i Pilates Miguel Cobos","article_modified_time":"2025-01-16T08:17:22+00:00","twitter_card":"summary_large_image","schema":{"@context":"https:\/\/schema.org","@graph":[{"@type":"WebPage","@id":"https:\/\/osteopatiamiguelcobos.com\/osteopatia\/","url":"https:\/\/osteopatiamiguelcobos.com\/osteopatia\/","name":"Osteopat\u00eda - Centre d&#039;osteopatia i Pilates Miguel Cobos","isPartOf":{"@id":"https:\/\/osteopatiamiguelcobos.com\/#website"},"datePublished":"2025-01-16T06:58:20+00:00","dateModified":"2025-01-16T08:17:22+00:00","breadcrumb":{"@id":"https:\/\/osteopatiamiguelcobos.com\/osteopatia\/#breadcrumb"},"inLanguage":"ca","potentialAction":[{"@type":"ReadAction","target":["https:\/\/osteopatiamiguelcobos.com\/osteopatia\/"]}]},{"@type":"BreadcrumbList","@id":"https:\/\/osteopatiamiguelcobos.com\/osteopatia\/#breadcrumb","itemListElement":[{"@type":"ListItem","position":1,"name":"Portada","item":"https:\/\/osteopatiamiguelcobos.com\/"},{"@type":"ListItem","position":2,"name":"Osteopat\u00eda"}]},{"@type":"WebSite","@id":"https:\/\/osteopatiamiguelcobos.com\/#website","url":"https:\/\/osteopatiamiguelcobos.com\/","name":"Centre d&#039;osteopatia i Pilates Miguel Cobos","description":"Osteopatia, Pilates i Nutricionista","publisher":{"@id":"https:\/\/osteopatiamiguelcobos.com\/#organization"},"potentialAction":[{"@type":"SearchAction","target":{"@type":"EntryPoint","urlTemplate":"https:\/\/osteopatiamiguelcobos.com\/?s={search_term_string}"},"query-input":{"@type":"PropertyValueSpecification","valueRequired":true,"valueName":"search_term_string"}}],"inLanguage":"ca"},{"@type":"Organization","@id":"https:\/\/osteopatiamiguelcobos.com\/#organization","name":"Centre d&#039;osteopatia i Pilates Miguel Cobos","url":"https:\/\/osteopatiamiguelcobos.com\/","logo":{"@type":"ImageObject","inLanguage":"ca","@id":"https:\/\/osteopatiamiguelcobos.com\/#\/schema\/logo\/image\/","url":"https:\/\/osteopatiamiguelcobos.com\/wp-content\/uploads\/2025\/01\/osteopatia-logo.png","contentUrl":"https:\/\/osteopatiamiguelcobos.com\/wp-content\/uploads\/2025\/01\/osteopatia-logo.png","width":660,"height":304,"caption":"Centre d&#039;osteopatia i Pilates Miguel Cobos"},"image":{"@id":"https:\/\/osteopatiamiguelcobos.com\/#\/schema\/logo\/image\/"}}]}},"_links":{"self":[{"href":"https:\/\/osteopatiamiguelcobos.com\/ca\/wp-json\/wp\/v2\/pages\/265","targetHints":{"allow":["GET"]}}],"collection":[{"href":"https:\/\/osteopatiamiguelcobos.com\/ca\/wp-json\/wp\/v2\/pages"}],"about":[{"href":"https:\/\/osteopatiamiguelcobos.com\/ca\/wp-json\/wp\/v2\/types\/page"}],"author":[{"embeddable":true,"href":"https:\/\/osteopatiamiguelcobos.com\/ca\/wp-json\/wp\/v2\/users\/9"}],"replies":[{"embeddable":true,"href":"https:\/\/osteopatiamiguelcobos.com\/ca\/wp-json\/wp\/v2\/comments?post=265"}],"version-history":[{"count":15,"href":"https:\/\/osteopatiamiguelcobos.com\/ca\/wp-json\/wp\/v2\/pages\/265\/revisions"}],"predecessor-version":[{"id":330,"href":"https:\/\/osteopatiamiguelcobos.com\/ca\/wp-json\/wp\/v2\/pages\/265\/revisions\/330"}],"wp:attachment":[{"href":"https:\/\/osteopatiamiguelcobos.com\/ca\/wp-json\/wp\/v2\/media?parent=265"}],"curies":[{"name":"wp","href":"https:\/\/api.w.org\/{rel}","templated":true}]}}